{"id":19585,"date":"2021-10-10T13:28:36","date_gmt":"2021-10-10T11:28:36","guid":{"rendered":"https:\/\/www.palibex.com\/servicios-envio-pales\/"},"modified":"2023-05-05T22:12:42","modified_gmt":"2023-05-05T20:12:42","slug":"our-services","status":"publish","type":"page","link":"https:\/\/www.palibex.com\/en\/our-services\/","title":{"rendered":"We are the fastest"},"content":{"rendered":"<div class=\"row\">\n<div class=\"col-12 text-center pb-5\">\n<div class=\"px-0 px-lg-5 fs-4\">\n<p>We guarantee deliveries before ten a.m. with our service 10:00, before midday (a.m.) and in the same day (TODAY), in addition to our 24 and 48h shipments.<\/p>\n<p>We also have innovative services such as LTL, for mass markets o the VIP tag, for a preferential treatment of the merchandise.<\/p>\n<\/div>\n<\/div>\n<\/div>\n<div class=\"row\">\n<div class=\"col-12 col-lg-6 text-center\"><img loading=\"lazy\" decoding=\"async\" class=\"img-fluid\" src=\"https:\/\/www.palibex.com\/wp-content\/uploads\/2018\/03\/servicio10-PBX.png\" alt=\"servicio10 PBX\" width=\"450\" height=\"300\" \/><\/div>\n<div class=\"col-12 col-lg-6 d-flex flex-column justify-content-center\">\n<p class=\"text-danger fs-1\">Service <strong>10:00<\/strong><\/p>\n<p class=\"fs-18\">Deliveries before 10 AM for our most demanding customers.<\/p>\n<\/div>\n<\/div>\n<div class=\"container-content_full\">\n<div class=\"container\">\n<div class=\"row\">\n<div class=\"col-12 col-lg-6 text-center\"><img loading=\"lazy\" decoding=\"async\" class=\"img-fluid\" src=\"https:\/\/www.palibex.com\/wp-content\/uploads\/2018\/03\/servicio-am-PBX-1.png\" alt=\"servicio am PBX\" width=\"450\" height=\"300\" \/><\/div>\n<div class=\"col-12 col-lg-6 d-flex flex-column justify-content-center\">\n<p class=\"text-danger fs-1\">Service <strong>a.m<\/strong><\/p>\n<p class=\"fs-18\">Guarantees that the goods get to the destination before mid-day.<\/p>\n<\/div>\n<\/div>\n<\/div>\n<\/div>\n<div class=\"row\">\n<div class=\"col-12 col-lg-6 text-center\"><img loading=\"lazy\" decoding=\"async\" class=\"img-fluid\" src=\"https:\/\/www.palibex.com\/wp-content\/uploads\/2018\/03\/servicio-HOY-PBX-1.png\" alt=\"servicio HOY PBX\" width=\"450\" height=\"300\" \/><\/div>\n<div class=\"col-12 col-lg-6 d-flex flex-column justify-content-center\">\n<p class=\"text-danger fs-1\">Service <strong>TODAY<\/strong><\/p>\n<p class=\"fs-18\">Same day deliveries for emergency logistics.<\/p>\n<\/div>\n<\/div>\n<div class=\"container-content_full\">\n<div class=\"container\">\n<div class=\"row\">\n<div class=\"col-12 col-lg-6 text-center\"><img loading=\"lazy\" decoding=\"async\" class=\"img-fluid\" src=\"https:\/\/www.palibex.com\/wp-content\/uploads\/2018\/03\/servicio-24-PBX-1.png\" alt=\"servicio 24h PBX\" width=\"450\" height=\"300\" \/><\/div>\n<div class=\"col-12 col-lg-6 d-flex flex-column justify-content-center\">\n<p class=\"text-danger fs-1\">Service <strong>24h<\/strong><\/p>\n<p class=\"fs-18\">Express urgent deliveries to any location in Spain.<\/p>\n<\/div>\n<\/div>\n<\/div>\n<\/div>\n<div class=\"row\">\n<div class=\"col-12 col-lg-6 text-center\"><img loading=\"lazy\" decoding=\"async\" class=\"img-fluid\" src=\"https:\/\/www.palibex.com\/wp-content\/uploads\/2018\/03\/servicio-48-PBX-1.png\" alt=\"servicio 48h PBX\" width=\"450\" height=\"300\" \/><\/div>\n<div class=\"col-12 col-lg-6 d-flex flex-column justify-content-center\">\n<p class=\"text-danger fs-1\">Service <strong>48h<\/strong><\/p>\n<p class=\"fs-18\">Economic services for shipments in which delivery is not urgent.<\/p>\n<\/div>\n<\/div>\n<div class=\"container-content_full\">\n<div class=\"container\">\n<div class=\"row\">\n<div class=\"col-12 col-lg-6 text-center\"><img loading=\"lazy\" decoding=\"async\" class=\"img-fluid\" src=\"https:\/\/www.palibex.com\/wp-content\/uploads\/2018\/03\/servicio-VIP-PBX-1.png\" alt=\"servicio VIP PBX\" width=\"450\" height=\"300\" \/><\/div>\n<div class=\"col-12 col-lg-6 d-flex flex-column justify-content-center\">\n<p class=\"text-danger fs-1\">Service <strong>VIP<\/strong><\/p>\n<p class=\"fs-18\">Very Important Pallet.<\/p>\n<\/div>\n<\/div>\n<\/div>\n<\/div>\n<div class=\"row\">\n<div class=\"col-12 col-lg-6 text-center\"><img loading=\"lazy\" decoding=\"async\" class=\"img-fluid\" src=\"https:\/\/www.palibex.com\/wp-content\/uploads\/2020\/04\/servicio-LTL.jpg\" alt=\"servicio LTL PBX\" width=\"450\" height=\"300\" \/><\/div>\n<div class=\"col-12 col-lg-6 d-flex flex-column justify-content-center\">\n<p class=\"text-danger fs-1\"><a href=\"https:\/\/www.palibex.com\/en\/news\/less-than-truckload-spain\/\">Service <strong>LTL<\/strong><\/a><\/p>\n<p class=\"fs-18\">Part load of more than 5 pallets for the large-scale consumer market.<\/p>\n<\/div>\n<\/div>\n","protected":false},"excerpt":{"rendered":"<p>We guarantee deliveries before ten a.m. with our service 10:00, before midday (a.m.) and in the same day (TODAY), in addition to our 24 and 48h shipments. We also have innovative services such as LTL, for mass markets o the VIP tag, for a preferential treatment of the merchandise. Service 10:00 Deliveries before 10 AM [&hellip;]<\/p>\n","protected":false},"author":3,"featured_media":24946,"parent":0,"menu_order":0,"comment_status":"closed","ping_status":"closed","template":"page-service.php","meta":{"_acf_changed":false,"footnotes":""},"tags":[],"class_list":["post-19585","page","type-page","status-publish","has-post-thumbnail","hentry"],"acf":[],"yoast_head":"<!-- This site is optimized with the Yoast SEO plugin v27.4 - https:\/\/yoast.com\/product\/yoast-seo-wordpress\/ -->\n<title>We are the fastest - Palibex - EXPRESS TRANSPORT OF PALLETISED GOODS<\/title>\n<meta name=\"description\" content=\"Contamos con los servicios de env\u00edo de pal\u00e9s m\u00e1s r\u00e1pidos del mercado. Encuentra el que mejor se adapte a tus necesidades.\" \/>\n<meta name=\"robots\" content=\"index, follow, max-snippet:-1, max-image-preview:large, max-video-preview:-1\" \/>\n<link rel=\"canonical\" href=\"https:\/\/www.palibex.com\/en\/our-services\/\" \/>\n<meta property=\"og:locale\" content=\"en_US\" \/>\n<meta property=\"og:type\" content=\"article\" \/>\n<meta property=\"og:title\" content=\"We are the fastest - Palibex - EXPRESS TRANSPORT OF PALLETISED GOODS\" \/>\n<meta property=\"og:description\" content=\"Contamos con los servicios de env\u00edo de pal\u00e9s m\u00e1s r\u00e1pidos del mercado. Encuentra el que mejor se adapte a tus necesidades.\" \/>\n<meta property=\"og:url\" content=\"https:\/\/www.palibex.com\/en\/our-services\/\" \/>\n<meta property=\"og:site_name\" content=\"Palibex\" \/>\n<meta property=\"article:publisher\" content=\"https:\/\/www.facebook.com\/Palibex\" \/>\n<meta property=\"article:modified_time\" content=\"2023-05-05T20:12:42+00:00\" \/>\n<meta property=\"og:image\" content=\"https:\/\/www.palibex.com\/wp-content\/uploads\/2022\/03\/servicios-envio-pales-servicios-palibex-palibex.jpeg\" \/>\n\t<meta property=\"og:image:width\" content=\"1247\" \/>\n\t<meta property=\"og:image:height\" content=\"550\" \/>\n\t<meta property=\"og:image:type\" content=\"image\/jpeg\" \/>\n<meta name=\"twitter:card\" content=\"summary_large_image\" \/>\n<meta name=\"twitter:site\" content=\"@Palibex\" \/>\n<meta name=\"twitter:label1\" content=\"Est. reading time\" \/>\n\t<meta name=\"twitter:data1\" content=\"2 minutes\" \/>\n<script type=\"application\/ld+json\" class=\"yoast-schema-graph\">{\"@context\":\"https:\\\/\\\/schema.org\",\"@graph\":[{\"@type\":\"WebPage\",\"@id\":\"https:\\\/\\\/www.palibex.com\\\/en\\\/our-services\\\/\",\"url\":\"https:\\\/\\\/www.palibex.com\\\/en\\\/our-services\\\/\",\"name\":\"We are the fastest - Palibex - EXPRESS TRANSPORT OF PALLETISED GOODS\",\"isPartOf\":{\"@id\":\"https:\\\/\\\/www.palibex.com\\\/#website\"},\"primaryImageOfPage\":{\"@id\":\"https:\\\/\\\/www.palibex.com\\\/en\\\/our-services\\\/#primaryimage\"},\"image\":{\"@id\":\"https:\\\/\\\/www.palibex.com\\\/en\\\/our-services\\\/#primaryimage\"},\"thumbnailUrl\":\"https:\\\/\\\/www.palibex.com\\\/wp-content\\\/uploads\\\/2025\\\/07\\\/servicios-envio-pales-servicios-palibex-palibex-01.jpg\",\"datePublished\":\"2021-10-10T11:28:36+00:00\",\"dateModified\":\"2023-05-05T20:12:42+00:00\",\"description\":\"Contamos con los servicios de env\u00edo de pal\u00e9s m\u00e1s r\u00e1pidos del mercado. Encuentra el que mejor se adapte a tus necesidades.\",\"breadcrumb\":{\"@id\":\"https:\\\/\\\/www.palibex.com\\\/en\\\/our-services\\\/#breadcrumb\"},\"inLanguage\":\"en-US\",\"potentialAction\":[{\"@type\":\"ReadAction\",\"target\":[\"https:\\\/\\\/www.palibex.com\\\/en\\\/our-services\\\/\"]}]},{\"@type\":\"ImageObject\",\"inLanguage\":\"en-US\",\"@id\":\"https:\\\/\\\/www.palibex.com\\\/en\\\/our-services\\\/#primaryimage\",\"url\":\"https:\\\/\\\/www.palibex.com\\\/wp-content\\\/uploads\\\/2025\\\/07\\\/servicios-envio-pales-servicios-palibex-palibex-01.jpg\",\"contentUrl\":\"https:\\\/\\\/www.palibex.com\\\/wp-content\\\/uploads\\\/2025\\\/07\\\/servicios-envio-pales-servicios-palibex-palibex-01.jpg\",\"width\":1276,\"height\":601,\"caption\":\"servicios envio pales - servicios palibex - palibex - 01\"},{\"@type\":\"BreadcrumbList\",\"@id\":\"https:\\\/\\\/www.palibex.com\\\/en\\\/our-services\\\/#breadcrumb\",\"itemListElement\":[{\"@type\":\"ListItem\",\"position\":1,\"name\":\"Portada\",\"item\":\"https:\\\/\\\/www.palibex.com\\\/en\\\/\"},{\"@type\":\"ListItem\",\"position\":2,\"name\":\"We are the fastest\"}]},{\"@type\":\"WebSite\",\"@id\":\"https:\\\/\\\/www.palibex.com\\\/#website\",\"url\":\"https:\\\/\\\/www.palibex.com\\\/\",\"name\":\"Palibex\",\"description\":\"EXPRESS TRANSPORT OF PALLETISED GOODS\",\"potentialAction\":[{\"@type\":\"SearchAction\",\"target\":{\"@type\":\"EntryPoint\",\"urlTemplate\":\"https:\\\/\\\/www.palibex.com\\\/?s={search_term_string}\"},\"query-input\":{\"@type\":\"PropertyValueSpecification\",\"valueRequired\":true,\"valueName\":\"search_term_string\"}}],\"inLanguage\":\"en-US\"}]}<\/script>\n<!-- \/ Yoast SEO plugin. -->","yoast_head_json":{"title":"We are the fastest - Palibex - EXPRESS TRANSPORT OF PALLETISED GOODS","description":"Contamos con los servicios de env\u00edo de pal\u00e9s m\u00e1s r\u00e1pidos del mercado. Encuentra el que mejor se adapte a tus necesidades.","robots":{"index":"index","follow":"follow","max-snippet":"max-snippet:-1","max-image-preview":"max-image-preview:large","max-video-preview":"max-video-preview:-1"},"canonical":"https:\/\/www.palibex.com\/en\/our-services\/","og_locale":"en_US","og_type":"article","og_title":"We are the fastest - Palibex - EXPRESS TRANSPORT OF PALLETISED GOODS","og_description":"Contamos con los servicios de env\u00edo de pal\u00e9s m\u00e1s r\u00e1pidos del mercado. Encuentra el que mejor se adapte a tus necesidades.","og_url":"https:\/\/www.palibex.com\/en\/our-services\/","og_site_name":"Palibex","article_publisher":"https:\/\/www.facebook.com\/Palibex","article_modified_time":"2023-05-05T20:12:42+00:00","og_image":[{"width":1247,"height":550,"url":"https:\/\/www.palibex.com\/wp-content\/uploads\/2022\/03\/servicios-envio-pales-servicios-palibex-palibex.jpeg","type":"image\/jpeg"}],"twitter_card":"summary_large_image","twitter_site":"@Palibex","twitter_misc":{"Est. reading time":"2 minutes"},"schema":{"@context":"https:\/\/schema.org","@graph":[{"@type":"WebPage","@id":"https:\/\/www.palibex.com\/en\/our-services\/","url":"https:\/\/www.palibex.com\/en\/our-services\/","name":"We are the fastest - Palibex - EXPRESS TRANSPORT OF PALLETISED GOODS","isPartOf":{"@id":"https:\/\/www.palibex.com\/#website"},"primaryImageOfPage":{"@id":"https:\/\/www.palibex.com\/en\/our-services\/#primaryimage"},"image":{"@id":"https:\/\/www.palibex.com\/en\/our-services\/#primaryimage"},"thumbnailUrl":"https:\/\/www.palibex.com\/wp-content\/uploads\/2025\/07\/servicios-envio-pales-servicios-palibex-palibex-01.jpg","datePublished":"2021-10-10T11:28:36+00:00","dateModified":"2023-05-05T20:12:42+00:00","description":"Contamos con los servicios de env\u00edo de pal\u00e9s m\u00e1s r\u00e1pidos del mercado. Encuentra el que mejor se adapte a tus necesidades.","breadcrumb":{"@id":"https:\/\/www.palibex.com\/en\/our-services\/#breadcrumb"},"inLanguage":"en-US","potentialAction":[{"@type":"ReadAction","target":["https:\/\/www.palibex.com\/en\/our-services\/"]}]},{"@type":"ImageObject","inLanguage":"en-US","@id":"https:\/\/www.palibex.com\/en\/our-services\/#primaryimage","url":"https:\/\/www.palibex.com\/wp-content\/uploads\/2025\/07\/servicios-envio-pales-servicios-palibex-palibex-01.jpg","contentUrl":"https:\/\/www.palibex.com\/wp-content\/uploads\/2025\/07\/servicios-envio-pales-servicios-palibex-palibex-01.jpg","width":1276,"height":601,"caption":"servicios envio pales - servicios palibex - palibex - 01"},{"@type":"BreadcrumbList","@id":"https:\/\/www.palibex.com\/en\/our-services\/#breadcrumb","itemListElement":[{"@type":"ListItem","position":1,"name":"Portada","item":"https:\/\/www.palibex.com\/en\/"},{"@type":"ListItem","position":2,"name":"We are the fastest"}]},{"@type":"WebSite","@id":"https:\/\/www.palibex.com\/#website","url":"https:\/\/www.palibex.com\/","name":"Palibex","description":"EXPRESS TRANSPORT OF PALLETISED GOODS","potentialAction":[{"@type":"SearchAction","target":{"@type":"EntryPoint","urlTemplate":"https:\/\/www.palibex.com\/?s={search_term_string}"},"query-input":{"@type":"PropertyValueSpecification","valueRequired":true,"valueName":"search_term_string"}}],"inLanguage":"en-US"}]}},"_links":{"self":[{"href":"https:\/\/www.palibex.com\/en\/wp-json\/wp\/v2\/pages\/19585","targetHints":{"allow":["GET"]}}],"collection":[{"href":"https:\/\/www.palibex.com\/en\/wp-json\/wp\/v2\/pages"}],"about":[{"href":"https:\/\/www.palibex.com\/en\/wp-json\/wp\/v2\/types\/page"}],"author":[{"embeddable":true,"href":"https:\/\/www.palibex.com\/en\/wp-json\/wp\/v2\/users\/3"}],"replies":[{"embeddable":true,"href":"https:\/\/www.palibex.com\/en\/wp-json\/wp\/v2\/comments?post=19585"}],"version-history":[{"count":9,"href":"https:\/\/www.palibex.com\/en\/wp-json\/wp\/v2\/pages\/19585\/revisions"}],"predecessor-version":[{"id":19594,"href":"https:\/\/www.palibex.com\/en\/wp-json\/wp\/v2\/pages\/19585\/revisions\/19594"}],"wp:featuredmedia":[{"embeddable":true,"href":"https:\/\/www.palibex.com\/en\/wp-json\/wp\/v2\/media\/24946"}],"wp:attachment":[{"href":"https:\/\/www.palibex.com\/en\/wp-json\/wp\/v2\/media?parent=19585"}],"wp:term":[{"taxonomy":"post_tag","embeddable":true,"href":"https:\/\/www.palibex.com\/en\/wp-json\/wp\/v2\/tags?post=19585"}],"curies":[{"name":"wp","href":"https:\/\/api.w.org\/{rel}","templated":true}]}}