{"id":19595,"date":"2021-10-12T00:02:23","date_gmt":"2021-10-11T22:02:23","guid":{"rendered":"https:\/\/www.palibex.com\/tipos-de-pale\/"},"modified":"2025-01-29T21:59:27","modified_gmt":"2025-01-29T20:59:27","slug":"our-pallets","status":"publish","type":"page","link":"https:\/\/www.palibex.com\/en\/our-pallets\/","title":{"rendered":"Our pallets"},"content":{"rendered":"<div class=\"row\">\n<div class=\"col-12 text-center pb-5\">\n<div class=\"px-0 px-lg-5 fs-4\">\n<p>We transport any kind of merchandise that can be palletised, except dangerous (hazardous) and ADR goods.<\/p>\n<p>Depending on weight and volumen of your merchandise, we offer several pallet options for you too choose the one that best meets your needs.<\/p>\n<\/div>\n<\/div>\n<\/div>\n<div class=\"container-content_full py-5\">\n<div class=\"container\">\n<div class=\"row\">\n<div class=\"col-12 col-lg-6 d-flex justify-content-center align-items-center text-center mb-5 mb-lg-0\"><img loading=\"lazy\" decoding=\"async\" class=\"img-fluid\" src=\"https:\/\/www.palibex.com\/wp-content\/uploads\/2022\/02\/medio-mini-palet.png\" alt=\"Medium Mini Pallet\" width=\"110\" height=\"72\" \/><\/div>\n<div class=\"col-12 col-lg-6 d-flex flex-column justify-content-center text-center text-lg-start\">\n<p class=\"text-danger fs-1\">P 75<\/p>\n<p class=\"fs-3 mb-0\">0,6 x 0,8 x 0,6<\/p>\n<p class=\"fs-21 fw-bolder\">Maximum weight 75 kg<\/p>\n<\/div>\n<\/div>\n<\/div>\n<\/div>\n<div class=\"row py-5\">\n<div class=\"col-12 col-lg-6 d-flex justify-content-center align-items-center text-center mb-5 mb-lg-0\"><img loading=\"lazy\" decoding=\"async\" class=\"img-fluid\" src=\"https:\/\/www.palibex.com\/wp-content\/uploads\/2022\/02\/mini-palet.png\" alt=\"Mini Pallet\" width=\"142\" height=\"72\" \/><\/div>\n<div class=\"col-12 col-lg-6 d-flex flex-column justify-content-center text-center text-lg-start\">\n<p class=\"text-danger fs-1\">P 150<\/p>\n<p class=\"fs-3 mb-0\">1,2 X 1 x 0,6<\/p>\n<p class=\"fs-21 fw-bolder\">Maximum weight 150 kg<\/p>\n<\/div>\n<\/div>\n<div class=\"container-content_full py-5\">\n<div class=\"container\">\n<div class=\"row\">\n<div class=\"col-12 col-lg-6 d-flex justify-content-center align-items-center text-center mb-5 mb-lg-0\"><img loading=\"lazy\" decoding=\"async\" class=\"img-fluid\" src=\"https:\/\/www.palibex.com\/wp-content\/uploads\/2022\/02\/cuarto-palet.png\" alt=\"Quarter Pallet\" width=\"142\" height=\"88\" \/><\/div>\n<div class=\"col-12 col-lg-6 d-flex flex-column justify-content-center text-center text-lg-start\">\n<p class=\"text-danger fs-1\">P 300<\/p>\n<p class=\"fs-3 mb-0\">1,2 X 1 x 0,8<\/p>\n<p class=\"fs-21 fw-bolder\">Maximum weight 300 kg<\/p>\n<\/div>\n<\/div>\n<\/div>\n<\/div>\n<div class=\"row py-5\">\n<div class=\"col-12 col-lg-6 d-flex justify-content-center align-items-center text-center mb-5 mb-lg-0\"><img loading=\"lazy\" decoding=\"async\" class=\"img-fluid\" src=\"https:\/\/www.palibex.com\/wp-content\/uploads\/2022\/02\/palet-pluma.png\" alt=\"Feather Pallet\" width=\"113\" height=\"196\" \/><\/div>\n<div class=\"col-12 col-lg-6 d-flex flex-column justify-content-center text-center text-lg-start\">\n<p class=\"text-danger fs-1\">PV 300<\/p>\n<p class=\"fs-3 mb-0\">1,2 X 0,8 x 2,2<\/p>\n<p class=\"fs-21 fw-bolder\">Maximum weight 300 kg<\/p>\n<\/div>\n<\/div>\n<div class=\"container-content_full py-5\">\n<div class=\"container\">\n<div class=\"row\">\n<div class=\"col-12 col-lg-6 d-flex justify-content-center align-items-center text-center mb-5 mb-lg-0\"><img loading=\"lazy\" decoding=\"async\" class=\"img-fluid\" src=\"https:\/\/www.palibex.com\/wp-content\/uploads\/2022\/02\/medio-palet.png\" alt=\"Medium Pallet\" width=\"134\" height=\"148\" \/><\/div>\n<div class=\"col-12 col-lg-6 d-flex flex-column justify-content-center text-center text-lg-start\">\n<p class=\"text-danger fs-1\">P 450<\/p>\n<p class=\"fs-3 mb-0\">1,2 X 1 x 1,8<\/p>\n<p class=\"fs-21 fw-bolder\">Maximum weight 450 kg<\/p>\n<\/div>\n<\/div>\n<\/div>\n<\/div>\n<div class=\"row py-5\">\n<div class=\"col-12 col-lg-6 d-flex justify-content-center align-items-center text-center mb-5 mb-lg-0\"><img loading=\"lazy\" decoding=\"async\" class=\"img-fluid\" src=\"https:\/\/www.palibex.com\/wp-content\/uploads\/2022\/02\/palet-ligero.png\" alt=\"Light Pallet\" width=\"130\" height=\"177\" \/><\/div>\n<div class=\"col-12 col-lg-6 d-flex flex-column justify-content-center text-center text-lg-start\">\n<p class=\"text-danger fs-1\">P 600<\/p>\n<p class=\"fs-3 mb-0\">1,2 X 1 x 2,2<\/p>\n<p class=\"fs-21 fw-bolder\">Maximum weight 600 kg<\/p>\n<\/div>\n<\/div>\n<div class=\"container-content_full py-5\">\n<div class=\"container\">\n<div class=\"row\">\n<div class=\"col-12 col-lg-6 d-flex justify-content-center align-items-center text-center mb-5 mb-lg-0\"><img loading=\"lazy\" decoding=\"async\" class=\"img-fluid\" src=\"https:\/\/www.palibex.com\/wp-content\/uploads\/2022\/02\/palet-completo.png\" alt=\"Full Pallet\" width=\"134\" height=\"148\" \/><\/div>\n<div class=\"col-12 col-lg-6 d-flex flex-column justify-content-center text-center text-lg-start\">\n<p class=\"text-danger fs-1\">P 800<\/p>\n<p class=\"fs-3 mb-0\">1,2 X 1 x 1,8<\/p>\n<p class=\"fs-21 fw-bolder\">Maximum weight 800 kg<\/p>\n<\/div>\n<\/div>\n<\/div>\n<\/div>\n<div class=\"row py-5\">\n<div class=\"col-12 col-lg-6 d-flex justify-content-center align-items-center text-center mb-5 mb-lg-0\"><img loading=\"lazy\" decoding=\"async\" class=\"img-fluid\" src=\"https:\/\/www.palibex.com\/wp-content\/uploads\/2022\/02\/super-palet.png\" alt=\"Super Pallet\" width=\"130\" height=\"177\" \/><\/div>\n<div class=\"col-12 col-lg-6 d-flex flex-column justify-content-center text-center text-lg-start\">\n<p class=\"text-danger fs-1\">P 1200<\/p>\n<p class=\"fs-3 mb-0\">1,2 X 1 x 2,2<\/p>\n<p class=\"fs-21 fw-bolder\">Maximum weight 1.200 kg<\/p>\n<\/div>\n<\/div>\n","protected":false},"excerpt":{"rendered":"<p>We transport any kind of merchandise that can be palletised, except dangerous (hazardous) and ADR goods. Depending on weight and volumen of your merchandise, we offer several pallet options for you too choose the one that best meets your needs. P 75 0,6 x 0,8 x 0,6 Maximum weight 75 kg P 150 1,2 X [&hellip;]<\/p>\n","protected":false},"author":3,"featured_media":24956,"parent":0,"menu_order":0,"comment_status":"closed","ping_status":"closed","template":"page-service.php","meta":{"_acf_changed":false,"footnotes":""},"tags":[],"class_list":["post-19595","page","type-page","status-publish","has-post-thumbnail","hentry"],"acf":[],"yoast_head":"<!-- This site is optimized with the Yoast SEO plugin v27.4 - https:\/\/yoast.com\/product\/yoast-seo-wordpress\/ -->\n<title>Our pallets - Palibex - EXPRESS TRANSPORT OF PALLETISED GOODS<\/title>\n<meta name=\"description\" content=\"Desde el mini pal\u00e9 hasta el super pal\u00e9, pasando por el medio pal\u00e9 y el pal\u00e9 ligero. Todos los tipos de pal\u00e9 tienen cabida en Palibex.\" \/>\n<meta name=\"robots\" content=\"index, follow, max-snippet:-1, max-image-preview:large, max-video-preview:-1\" \/>\n<link rel=\"canonical\" href=\"https:\/\/www.palibex.com\/en\/our-pallets\/\" \/>\n<meta property=\"og:locale\" content=\"en_US\" \/>\n<meta property=\"og:type\" content=\"article\" \/>\n<meta property=\"og:title\" content=\"Our pallets - Palibex - EXPRESS TRANSPORT OF PALLETISED GOODS\" \/>\n<meta property=\"og:description\" content=\"Desde el mini pal\u00e9 hasta el super pal\u00e9, pasando por el medio pal\u00e9 y el pal\u00e9 ligero. Todos los tipos de pal\u00e9 tienen cabida en Palibex.\" \/>\n<meta property=\"og:url\" content=\"https:\/\/www.palibex.com\/en\/our-pallets\/\" \/>\n<meta property=\"og:site_name\" content=\"Palibex\" \/>\n<meta property=\"article:publisher\" content=\"https:\/\/www.facebook.com\/Palibex\" \/>\n<meta property=\"article:modified_time\" content=\"2025-01-29T20:59:27+00:00\" \/>\n<meta property=\"og:image\" content=\"https:\/\/www.palibex.com\/wp-content\/uploads\/2022\/03\/tipos-de-pale-tipologia-de-pales-palibex.jpeg\" \/>\n\t<meta property=\"og:image:width\" content=\"1248\" \/>\n\t<meta property=\"og:image:height\" content=\"597\" \/>\n\t<meta property=\"og:image:type\" content=\"image\/jpeg\" \/>\n<meta name=\"twitter:card\" content=\"summary_large_image\" \/>\n<meta name=\"twitter:site\" content=\"@Palibex\" \/>\n<meta name=\"twitter:label1\" content=\"Est. reading time\" \/>\n\t<meta name=\"twitter:data1\" content=\"3 minutes\" \/>\n<script type=\"application\/ld+json\" class=\"yoast-schema-graph\">{\"@context\":\"https:\\\/\\\/schema.org\",\"@graph\":[{\"@type\":\"WebPage\",\"@id\":\"https:\\\/\\\/www.palibex.com\\\/en\\\/our-pallets\\\/\",\"url\":\"https:\\\/\\\/www.palibex.com\\\/en\\\/our-pallets\\\/\",\"name\":\"Our pallets - Palibex - EXPRESS TRANSPORT OF PALLETISED GOODS\",\"isPartOf\":{\"@id\":\"https:\\\/\\\/www.palibex.com\\\/#website\"},\"primaryImageOfPage\":{\"@id\":\"https:\\\/\\\/www.palibex.com\\\/en\\\/our-pallets\\\/#primaryimage\"},\"image\":{\"@id\":\"https:\\\/\\\/www.palibex.com\\\/en\\\/our-pallets\\\/#primaryimage\"},\"thumbnailUrl\":\"https:\\\/\\\/www.palibex.com\\\/wp-content\\\/uploads\\\/2025\\\/07\\\/tipos-de-pale-tipologia-de-pales-palibex-02.jpg\",\"datePublished\":\"2021-10-11T22:02:23+00:00\",\"dateModified\":\"2025-01-29T20:59:27+00:00\",\"description\":\"Desde el mini pal\u00e9 hasta el super pal\u00e9, pasando por el medio pal\u00e9 y el pal\u00e9 ligero. Todos los tipos de pal\u00e9 tienen cabida en Palibex.\",\"breadcrumb\":{\"@id\":\"https:\\\/\\\/www.palibex.com\\\/en\\\/our-pallets\\\/#breadcrumb\"},\"inLanguage\":\"en-US\",\"potentialAction\":[{\"@type\":\"ReadAction\",\"target\":[\"https:\\\/\\\/www.palibex.com\\\/en\\\/our-pallets\\\/\"]}]},{\"@type\":\"ImageObject\",\"inLanguage\":\"en-US\",\"@id\":\"https:\\\/\\\/www.palibex.com\\\/en\\\/our-pallets\\\/#primaryimage\",\"url\":\"https:\\\/\\\/www.palibex.com\\\/wp-content\\\/uploads\\\/2025\\\/07\\\/tipos-de-pale-tipologia-de-pales-palibex-02.jpg\",\"contentUrl\":\"https:\\\/\\\/www.palibex.com\\\/wp-content\\\/uploads\\\/2025\\\/07\\\/tipos-de-pale-tipologia-de-pales-palibex-02.jpg\",\"width\":1276,\"height\":601,\"caption\":\"tipos de pale - tipologia de pales - palibex\"},{\"@type\":\"BreadcrumbList\",\"@id\":\"https:\\\/\\\/www.palibex.com\\\/en\\\/our-pallets\\\/#breadcrumb\",\"itemListElement\":[{\"@type\":\"ListItem\",\"position\":1,\"name\":\"Portada\",\"item\":\"https:\\\/\\\/www.palibex.com\\\/en\\\/\"},{\"@type\":\"ListItem\",\"position\":2,\"name\":\"Our pallets\"}]},{\"@type\":\"WebSite\",\"@id\":\"https:\\\/\\\/www.palibex.com\\\/#website\",\"url\":\"https:\\\/\\\/www.palibex.com\\\/\",\"name\":\"Palibex\",\"description\":\"EXPRESS TRANSPORT OF PALLETISED GOODS\",\"potentialAction\":[{\"@type\":\"SearchAction\",\"target\":{\"@type\":\"EntryPoint\",\"urlTemplate\":\"https:\\\/\\\/www.palibex.com\\\/?s={search_term_string}\"},\"query-input\":{\"@type\":\"PropertyValueSpecification\",\"valueRequired\":true,\"valueName\":\"search_term_string\"}}],\"inLanguage\":\"en-US\"}]}<\/script>\n<!-- \/ Yoast SEO plugin. -->","yoast_head_json":{"title":"Our pallets - Palibex - EXPRESS TRANSPORT OF PALLETISED GOODS","description":"Desde el mini pal\u00e9 hasta el super pal\u00e9, pasando por el medio pal\u00e9 y el pal\u00e9 ligero. Todos los tipos de pal\u00e9 tienen cabida en Palibex.","robots":{"index":"index","follow":"follow","max-snippet":"max-snippet:-1","max-image-preview":"max-image-preview:large","max-video-preview":"max-video-preview:-1"},"canonical":"https:\/\/www.palibex.com\/en\/our-pallets\/","og_locale":"en_US","og_type":"article","og_title":"Our pallets - Palibex - EXPRESS TRANSPORT OF PALLETISED GOODS","og_description":"Desde el mini pal\u00e9 hasta el super pal\u00e9, pasando por el medio pal\u00e9 y el pal\u00e9 ligero. Todos los tipos de pal\u00e9 tienen cabida en Palibex.","og_url":"https:\/\/www.palibex.com\/en\/our-pallets\/","og_site_name":"Palibex","article_publisher":"https:\/\/www.facebook.com\/Palibex","article_modified_time":"2025-01-29T20:59:27+00:00","og_image":[{"width":1248,"height":597,"url":"https:\/\/www.palibex.com\/wp-content\/uploads\/2022\/03\/tipos-de-pale-tipologia-de-pales-palibex.jpeg","type":"image\/jpeg"}],"twitter_card":"summary_large_image","twitter_site":"@Palibex","twitter_misc":{"Est. reading time":"3 minutes"},"schema":{"@context":"https:\/\/schema.org","@graph":[{"@type":"WebPage","@id":"https:\/\/www.palibex.com\/en\/our-pallets\/","url":"https:\/\/www.palibex.com\/en\/our-pallets\/","name":"Our pallets - Palibex - EXPRESS TRANSPORT OF PALLETISED GOODS","isPartOf":{"@id":"https:\/\/www.palibex.com\/#website"},"primaryImageOfPage":{"@id":"https:\/\/www.palibex.com\/en\/our-pallets\/#primaryimage"},"image":{"@id":"https:\/\/www.palibex.com\/en\/our-pallets\/#primaryimage"},"thumbnailUrl":"https:\/\/www.palibex.com\/wp-content\/uploads\/2025\/07\/tipos-de-pale-tipologia-de-pales-palibex-02.jpg","datePublished":"2021-10-11T22:02:23+00:00","dateModified":"2025-01-29T20:59:27+00:00","description":"Desde el mini pal\u00e9 hasta el super pal\u00e9, pasando por el medio pal\u00e9 y el pal\u00e9 ligero. Todos los tipos de pal\u00e9 tienen cabida en Palibex.","breadcrumb":{"@id":"https:\/\/www.palibex.com\/en\/our-pallets\/#breadcrumb"},"inLanguage":"en-US","potentialAction":[{"@type":"ReadAction","target":["https:\/\/www.palibex.com\/en\/our-pallets\/"]}]},{"@type":"ImageObject","inLanguage":"en-US","@id":"https:\/\/www.palibex.com\/en\/our-pallets\/#primaryimage","url":"https:\/\/www.palibex.com\/wp-content\/uploads\/2025\/07\/tipos-de-pale-tipologia-de-pales-palibex-02.jpg","contentUrl":"https:\/\/www.palibex.com\/wp-content\/uploads\/2025\/07\/tipos-de-pale-tipologia-de-pales-palibex-02.jpg","width":1276,"height":601,"caption":"tipos de pale - tipologia de pales - palibex"},{"@type":"BreadcrumbList","@id":"https:\/\/www.palibex.com\/en\/our-pallets\/#breadcrumb","itemListElement":[{"@type":"ListItem","position":1,"name":"Portada","item":"https:\/\/www.palibex.com\/en\/"},{"@type":"ListItem","position":2,"name":"Our pallets"}]},{"@type":"WebSite","@id":"https:\/\/www.palibex.com\/#website","url":"https:\/\/www.palibex.com\/","name":"Palibex","description":"EXPRESS TRANSPORT OF PALLETISED GOODS","potentialAction":[{"@type":"SearchAction","target":{"@type":"EntryPoint","urlTemplate":"https:\/\/www.palibex.com\/?s={search_term_string}"},"query-input":{"@type":"PropertyValueSpecification","valueRequired":true,"valueName":"search_term_string"}}],"inLanguage":"en-US"}]}},"_links":{"self":[{"href":"https:\/\/www.palibex.com\/en\/wp-json\/wp\/v2\/pages\/19595","targetHints":{"allow":["GET"]}}],"collection":[{"href":"https:\/\/www.palibex.com\/en\/wp-json\/wp\/v2\/pages"}],"about":[{"href":"https:\/\/www.palibex.com\/en\/wp-json\/wp\/v2\/types\/page"}],"author":[{"embeddable":true,"href":"https:\/\/www.palibex.com\/en\/wp-json\/wp\/v2\/users\/3"}],"replies":[{"embeddable":true,"href":"https:\/\/www.palibex.com\/en\/wp-json\/wp\/v2\/comments?post=19595"}],"version-history":[{"count":4,"href":"https:\/\/www.palibex.com\/en\/wp-json\/wp\/v2\/pages\/19595\/revisions"}],"predecessor-version":[{"id":24103,"href":"https:\/\/www.palibex.com\/en\/wp-json\/wp\/v2\/pages\/19595\/revisions\/24103"}],"wp:featuredmedia":[{"embeddable":true,"href":"https:\/\/www.palibex.com\/en\/wp-json\/wp\/v2\/media\/24956"}],"wp:attachment":[{"href":"https:\/\/www.palibex.com\/en\/wp-json\/wp\/v2\/media?parent=19595"}],"wp:term":[{"taxonomy":"post_tag","embeddable":true,"href":"https:\/\/www.palibex.com\/en\/wp-json\/wp\/v2\/tags?post=19595"}],"curies":[{"name":"wp","href":"https:\/\/api.w.org\/{rel}","templated":true}]}}