{"id":3073,"date":"2016-04-20T11:12:59","date_gmt":"2016-04-20T09:12:59","guid":{"rendered":"https:\/\/www.palibex.com\/bases-legales-sorteo-sil2016\/alimentaria2016\/"},"modified":"2025-01-29T13:51:46","modified_gmt":"2025-01-29T12:51:46","slug":"alimentaria2016","status":"publish","type":"page","link":"https:\/\/www.palibex.com\/en\/bases-legales-sorteo-sil2016\/alimentaria2016\/","title":{"rendered":"Bases legales &#8211; Sorteo Alimentaria 2016"},"content":{"rendered":"<p style=\"text-align: justify;\"><b>BASES LEGALES DEL SORTEO \u201c500\u20ac EN PORTES\u201d<\/b><\/p>\n<p style=\"text-align: justify;\"><b>1. EMPRESA ORGANIZADORA<\/b><\/p>\n<p style=\"text-align: justify;\">La organizaci\u00f3n del sorteo (en adelante \u201cSorteo\u201d) est\u00e1 promovida por Palibex Log\u00edstica, S.L.U., con domicilio social en Montejo, 4, 28021 &#8211; Madrid (Espa\u00f1a), con CIF: B-86375755 (en adelante \u201cPALIBEX\u201d).<\/p>\n<p style=\"text-align: justify;\"><b>2. BASES DEL SORTEO<\/b><\/p>\n<p style=\"text-align: justify;\">Las caracter\u00edsticas espec\u00edficas del Sorteo son las siguientes:<\/p>\n<p style=\"text-align: justify;\">2.1. Duraci\u00f3n y Territorio: la Promoci\u00f3n ser\u00e1 v\u00e1lida durante la Feria \u201cAlimentaria 2016\u201d, celebrada en Barcelona. El periodo de participaci\u00f3n ser\u00e1 del 25 de abril y finaliza el 28 de abril.<\/p>\n<p style=\"text-align: justify;\">2.2. Medio de Exposici\u00f3n: El Sorteo se comunicar\u00e1 en la propia feria \u201cAlimentaria 2016\u201d, a trav\u00e9s de la p\u00e1gina de Facebook de PALIBEX: <a href=\"http:\/\/www.facebook.com\/palibex\">http:\/\/www.facebook.com\/Palibex<\/a> adelante la \u201cP\u00e1gina\u201d), a trav\u00e9s del resto de redes sociales de Palibex.<\/p>\n<p style=\"text-align: justify;\">2.3. Premio: el premio del sorteo ser\u00e1n 2 bonos de 500 \u20ac canjeables en servicios de portes. Dichos servicios de transporte ser\u00e1n prestados a trav\u00e9s de la Red Palibex.<\/p>\n<p style=\"text-align: justify;\">2.4. Mec\u00e1nica del Sorteo:<\/p>\n<p style=\"text-align: justify;\">El Sorteo se realizar\u00e1 entre todos participantes que cumplan con normas de participaci\u00f3n (en adelante la \u201cMec\u00e1nica\u201d):<\/p>\n<p style=\"text-align: justify;\">2.4.1. Para poder participar en\u00a0 el Sorteo el usuario deber\u00e1 cumplimentar\u00a0 la creatividad entregada durante los d\u00edas de la Feria de Alimentaria 2016.<\/p>\n<p style=\"text-align: justify;\">2.4.2. El Sorteo se llevar\u00e1 a cabo el d\u00eda 3 de mayo y se dar\u00e1 a conocer a trav\u00e9s de la p\u00e1gina de Facebook de Palibex.<\/p>\n<p style=\"text-align: justify;\">2.4.3. El Sorteo tendr\u00e1 DOS ganadores, uno por bono, realiz\u00e1ndose entre las papeletas entregadas por los participantes durante los d\u00edas de la Feria.<\/p>\n<p style=\"text-align: justify;\">2.4.4. Facebook no avala, promueve ni patrocina ninguna Promoci\u00f3n, Sorteo o Concurso de PALIBEX y queda excluido de cualquier responsabilidad.<\/p>\n<p style=\"text-align: justify;\">2.4.5. Los ganadores de cada Sorteo ser\u00e1n contactados por Palibex v\u00eda mail o telef\u00f3nicamente para hacer efectivo el Premio.<\/p>\n<p style=\"text-align: justify;\">PALIBEX no se hace responsable de la veracidad de los datos suministrados por los ganadores ni participantes. En caso de que dichos datos sean incorrectos y\/o incompletos, se tratar\u00e1 de contactar con los ganadores solicitando la correcci\u00f3n de los mismos. Si transcurridas 24 (VEINTICUATRO) horas desde la solicitud de correcci\u00f3n de los datos el ganador no se pusiera en contacto con PALIBEX o volviera a suministrar incorrectamente los datos, se entender\u00e1 que el Premio ha sido rechazado.<\/p>\n<p style=\"text-align: justify;\">Asimismo, se considerar\u00e1 que el Premio ha sido rechazado en el caso de que no sea posible contactar con el ganador tras realizar al menos 2 (DOS) intentos. De igual modo, si confirmada la recepci\u00f3n de la comunicaci\u00f3n no se obtiene respuesta en 2 (DOS) d\u00edas naturales, tambi\u00e9n se considerar\u00e1 que el Premio ha sido rechazado.<\/p>\n<p style=\"text-align: justify;\">Si el Premio es rechazado, PALIBEX podr\u00e1 optar por entreg\u00e1rselo al siguiente participante que hubiese resultado ganador, de acuerdo con las presentes bases, o bien podr\u00e1 declarar el Premio desierto.\u00a0<\/p>\n<p style=\"text-align: justify;\">2.5. Coste de participaci\u00f3n:<\/p>\n<p style=\"text-align: justify;\">La Participaci\u00f3n en el \u201cSorteo\u201d es gratuita. No supone coste alguno.<\/p>\n<p style=\"text-align: justify;\"><b>3. ACEPTACI\u00d3N DE LAS BASES LEGALES<\/b><\/p>\n<p style=\"text-align: justify;\">La participaci\u00f3n en el Sorteo supone la aceptaci\u00f3n plena e incondicional de estas Bases por parte de los participantes.<\/p>\n<p style=\"text-align: justify;\"><b>4. CESI\u00d3N DE DERECHOS DE PROPIEDAD Y EXPLOTACI\u00d3N<\/b><\/p>\n<p style=\"text-align: justify;\">Los participantes en este Sorteo son responsables del origen il\u00edcito de los comentarios y\/o materiales gr\u00e1ficos introducidos en el perfil de Facebook de PALIBEX con motivo del presente Sorteo, garantizando que no infringen de ning\u00fan modo los derechos de un tercero; respondiendo ante PALIBEX por cualquier da\u00f1o o perjuicio que PALIBEX pueda sufrir en caso de resultar acreditada tal ilicitud, incluidos los gastos legales que una reclamaci\u00f3n por este concepto le pueda suponer a PALIBEX y\/o sus empleados.<\/p>\n<p style=\"text-align: justify;\">De la misma manera, la participaci\u00f3n en el Sorteo supone la autorizaci\u00f3n y transmisi\u00f3n expresa de forma gratuita e irrevocable a PALIBEX, de los derechos de imagen, uso y explotaci\u00f3n de los textos y\/o contenidos audiovisuales que fueren publicados por el participante.<\/p>\n<p style=\"text-align: justify;\">La cesi\u00f3n aqu\u00ed operada se realiza sin l\u00edmite temporal ni territorial alguno y por cualesquiera modalidades o formas de explotaci\u00f3n y\/o medios de difusi\u00f3n conocidos o por conocer.<\/p>\n<p style=\"text-align: justify;\">Por consiguiente, PALIBEX podr\u00e1 utilizar los textos y\/o contenidos audiovisuales a trav\u00e9s de cualquier medio de difusi\u00f3n, forma de distribuci\u00f3n o de puesta a disposici\u00f3n al p\u00fablico, as\u00ed como mediante cualquier modalidad de comunicaci\u00f3n p\u00fablica y reproducci\u00f3n en todo tipo de soportes para cualquier finalidad.<\/p>\n<p style=\"text-align: justify;\">La toma de todas y cada una de las decisiones relativas a la exhibici\u00f3n de los textos y las im\u00e1genes ser\u00e1 de la exclusiva competencia y responsabilidad de PALIBEX, que decidir\u00e1 su uso en funci\u00f3n de las necesidades de comunicaci\u00f3n y\/o promoci\u00f3n.<\/p>\n<p style=\"text-align: justify;\">Sin perjuicio de lo anterior, PALIBEX deber\u00e1 utilizar los textos y los contenidos audiovisuales evitando cualquier asociaci\u00f3n con cualesquiera actos, manifestaciones, explotaciones, productos o servicios que pudieran desacreditar la consideraci\u00f3n del usuario ante los dem\u00e1s o ante s\u00ed mismo como persona o profesional.<\/p>\n<p style=\"text-align: justify;\"><b>5. CONDICIONES PERMANENTES EN TODOS LAS PROMOCIONES, SORTEOS Y CONCURSOS<\/b><b> <\/b><b>DE PALIBEX Y APLICABLES A LAS PRESENTES BASES<\/b><\/p>\n<p style=\"text-align: justify;\">PALIBEX se reserva el derecho de eliminar justificadamente a cualquier participante en Sorteos, Promociones o Concursos que defraude, altere o inutilice el buen funcionamiento y el transcurso normal y reglamentario del presente Sorteo.<\/p>\n<p style=\"text-align: justify;\">El Premio no podr\u00e1 ser cedido a personas diferentes a los ganadores.<\/p>\n<p style=\"text-align: justify;\">Los Sorteos, Promociones y Concursos se rigen por la legislaci\u00f3n vigente en Espa\u00f1a y por las presentes Bases Legales.\u00a0<\/p>\n<p style=\"text-align: justify;\">El Premio se entregar\u00e1 en Espa\u00f1a, de acuerdo con la legislaci\u00f3n tributaria vigente aplicable.<\/p>\n<p style=\"text-align: justify;\">Cualquier Promoci\u00f3n, Sorteo o Concurso tiene como finalidad la promoci\u00f3n de los productos y servicios de la Red de Transporte PALIBEX, siendo los datos de car\u00e1cter personal solicitados necesarios y obligatorios para participar y quedando \u00e9stos incorporados en un fichero de PALIBEX, con domicilio en C\/ Montejo, 4, 28021 &#8211; Madrid. Los participantes podr\u00e1n dirigirse por escrito, con copia de documento de identidad que les identifique, a dicha sociedad para ejercitar los derechos de consulta, oposici\u00f3n, modificaci\u00f3n y\/o cancelaci\u00f3n de sus datos, as\u00ed como para solicitar dejar de recibir comunicaciones por v\u00eda electr\u00f3nica.<\/p>\n<p style=\"text-align: justify;\">Mediante su participaci\u00f3n en Promociones, Sorteos y Concursos, los Participantes consienten de manera expresa el tratamiento de sus datos con la finalidad de remitirle informaci\u00f3n comercial y publicitaria de los productos y servicios de PALIBEX en cualquier momento por v\u00eda postal, correo electr\u00f3nico, SMS, Newsletter o cualquier otro medio de comunicaci\u00f3n electr\u00f3nica equivalente, as\u00ed como para la segmentaci\u00f3n o realizaci\u00f3n de perfiles personales, con fines comerciales y estad\u00edsticos. Adicionalmente, sus datos ser\u00e1n utilizados al objeto de gestionar su participaci\u00f3n en las Promociones, Sorteos o Concursos y, en su caso, proporcionarle el Premio correspondiente.<\/p>\n<p style=\"text-align: justify;\">Los datos de car\u00e1cter personal que faciliten los participantes en las Promociones, Sorteos y Concursos deber\u00e1n ser facilitados debidamente actualizados y de forma veraz y completa. De ello depende el funcionamiento correcto de la Promoci\u00f3n, Sorteo o Concurso. En caso contrario, PALIBEX quedar\u00eda liberada de cualquier obligaci\u00f3n en ese sentido, as\u00ed como de cualquier consecuencia dimanante, incluyendo la declaraci\u00f3n de beneficiario leg\u00edtimo de la Promoci\u00f3n, Sorteo o Concurso.<\/p>\n<p style=\"text-align: justify;\">La participaci\u00f3n en cualquier Promoci\u00f3n, Sorteo o Concurso queda limitada a personas mayores de 18 a\u00f1os. A pesar de que no se realizan comprobaciones sobre la veracidad de los datos suministrados, PALIBEX garantiza la gesti\u00f3n de cualquier solicitud derivada del ejercicio, por padres y\/o tutores debidamente identificados, de los derechos de acceso, cancelaci\u00f3n, rectificaci\u00f3n y oposici\u00f3n de los datos de menores o incapaces, si \u00e9stos se han recabado, todo ello en funci\u00f3n de la informaci\u00f3n respecto a la edad facilitada por el participante.<\/p>\n<p style=\"text-align: justify;\">La identidad de los participantes y ganadores se acreditar\u00e1 exclusivamente por medio de documentos oficiales que tengan esos efectos. Los premios son nominativos e intransferibles y, en caso de que el\/los premiado\/s no aceptase\/n y\/o renunciasen, y\/o no cualificasen a los mismos, PALIBEX podr\u00e1 designar al siguiente ganador que lo hubiera sido de acuerdo con las presentes Bases, o simplemente declarar el Premio desierto.<\/p>\n<p style=\"text-align: justify;\">El uso del Premio es a cuenta y riesgo del agraciado o ganador, sin que PALIBEX ni el resto de las posibles empresas participantes en la Promoci\u00f3n, Sorteo o Concurso tengan responsabilidad alguna sobre ese uso. Sin embargo, PALIBEX se reserva las acciones posibles para proteger su buena imagen y reputaci\u00f3n.<\/p>\n<p style=\"text-align: justify;\">PALIBEX se reserva el derecho de realizar modificaciones y\/o a\u00f1adir anexos sobre su Mec\u00e1nica y premios, siempre que est\u00e9n justificadas o no perjudiquen a los participantes y que se comuniquen a \u00e9stos debidamente en tiempo y forma. A t\u00edtulo ilustrativo que no limitativo, se se\u00f1ala la posibilidad de cambiar la fecha de inicio y final de la Promoci\u00f3n, Sorteo o Concurso. PALIBEX tambi\u00e9n se reserva el derecho de modificar la fecha de celebraci\u00f3n del sorteo correspondiente, as\u00ed como el derecho de cambiar los Premios por otros de similar o superior valor si fuere necesario.<\/p>\n<p style=\"text-align: justify;\">PALIBEX podr\u00e1 descalificar a todo aqu\u00e9l participante sospechoso de intento de beneficio o que se haya visto beneficiado, directa o indirectamente, de cualquier manipulaci\u00f3n, intencionada o no, de la operativa, funcionamiento o Mec\u00e1nica de la Promoci\u00f3n, Sorteo o Concurso, con independencia del m\u00e9todo utilizado para tal fin.<\/p>\n<p style=\"text-align: justify;\">Aunque PALIBEX toma medidas de protecci\u00f3n y seguridad inform\u00e1tica, no puede garantizar al 100% que no se puedan producir incidencias inform\u00e1ticas para los usuarios como consecuencia de su acceso y\/o participaci\u00f3n en la Promoci\u00f3n, Sorteo o Concurso y no se hace responsable de dichas incidencias.<\/p>\n","protected":false},"excerpt":{"rendered":"<p>BASES LEGALES DEL SORTEO \u201c500\u20ac EN PORTES\u201d 1. EMPRESA ORGANIZADORA La organizaci\u00f3n del sorteo (en adelante \u201cSorteo\u201d) est\u00e1 promovida por Palibex Log\u00edstica, S.L.U., con domicilio social en Montejo, 4, 28021 &#8211; Madrid (Espa\u00f1a), con CIF: B-86375755 (en adelante \u201cPALIBEX\u201d). 2. BASES DEL SORTEO Las caracter\u00edsticas espec\u00edficas del Sorteo son las siguientes: 2.1. Duraci\u00f3n y Territorio: [&hellip;]<\/p>\n","protected":false},"author":1,"featured_media":0,"parent":3064,"menu_order":0,"comment_status":"closed","ping_status":"closed","template":"","meta":{"_acf_changed":false,"footnotes":""},"tags":[14771],"class_list":["post-3073","page","type-page","status-publish","hentry","tag-palibex-en"],"acf":[],"yoast_head":"<!-- This site is optimized with the Yoast SEO plugin v27.5 - https:\/\/yoast.com\/product\/yoast-seo-wordpress\/ -->\n<title>Bases legales - Sorteo Alimentaria 2016 - Palibex - EXPRESS TRANSPORT OF PALLETISED GOODS<\/title>\n<meta name=\"description\" content=\"BASES LEGALES DEL SORTEO \u201c500\u20ac EN PORTES\u201d 1. EMPRESA ORGANIZADORA La organizaci\u00f3n del sorteo (en adelante \u201cSorteo\u201d) est\u00e1 promovida por Palibex Log\u00edstica,\" \/>\n<meta name=\"robots\" content=\"index, follow, max-snippet:-1, max-image-preview:large, max-video-preview:-1\" \/>\n<link rel=\"canonical\" href=\"https:\/\/www.palibex.com\/en\/bases-legales-sorteo-sil2016\/alimentaria2016\/\" \/>\n<meta property=\"og:locale\" content=\"en_US\" \/>\n<meta property=\"og:type\" content=\"article\" \/>\n<meta property=\"og:title\" content=\"Bases legales - Sorteo Alimentaria 2016 - Palibex - EXPRESS TRANSPORT OF PALLETISED GOODS\" \/>\n<meta property=\"og:description\" content=\"BASES LEGALES DEL SORTEO \u201c500\u20ac EN PORTES\u201d 1. EMPRESA ORGANIZADORA La organizaci\u00f3n del sorteo (en adelante \u201cSorteo\u201d) est\u00e1 promovida por Palibex Log\u00edstica,\" \/>\n<meta property=\"og:url\" content=\"https:\/\/www.palibex.com\/en\/bases-legales-sorteo-sil2016\/alimentaria2016\/\" \/>\n<meta property=\"og:site_name\" content=\"Palibex\" \/>\n<meta property=\"article:publisher\" content=\"https:\/\/www.facebook.com\/Palibex\" \/>\n<meta property=\"article:modified_time\" content=\"2025-01-29T12:51:46+00:00\" \/>\n<meta name=\"twitter:card\" content=\"summary_large_image\" \/>\n<meta name=\"twitter:site\" content=\"@Palibex\" \/>\n<meta name=\"twitter:label1\" content=\"Est. reading time\" \/>\n\t<meta name=\"twitter:data1\" content=\"8 minutes\" \/>\n<script type=\"application\/ld+json\" class=\"yoast-schema-graph\">{\"@context\":\"https:\\\/\\\/schema.org\",\"@graph\":[{\"@type\":\"WebPage\",\"@id\":\"https:\\\/\\\/www.palibex.com\\\/en\\\/bases-legales-sorteo-sil2016\\\/alimentaria2016\\\/\",\"url\":\"https:\\\/\\\/www.palibex.com\\\/en\\\/bases-legales-sorteo-sil2016\\\/alimentaria2016\\\/\",\"name\":\"Bases legales - Sorteo Alimentaria 2016 - Palibex - EXPRESS TRANSPORT OF PALLETISED GOODS\",\"isPartOf\":{\"@id\":\"https:\\\/\\\/www.palibex.com\\\/#website\"},\"datePublished\":\"2016-04-20T09:12:59+00:00\",\"dateModified\":\"2025-01-29T12:51:46+00:00\",\"description\":\"BASES LEGALES DEL SORTEO \u201c500\u20ac EN PORTES\u201d 1. EMPRESA ORGANIZADORA La organizaci\u00f3n del sorteo (en adelante \u201cSorteo\u201d) est\u00e1 promovida por Palibex Log\u00edstica,\",\"breadcrumb\":{\"@id\":\"https:\\\/\\\/www.palibex.com\\\/en\\\/bases-legales-sorteo-sil2016\\\/alimentaria2016\\\/#breadcrumb\"},\"inLanguage\":\"en-US\",\"potentialAction\":[{\"@type\":\"ReadAction\",\"target\":[\"https:\\\/\\\/www.palibex.com\\\/en\\\/bases-legales-sorteo-sil2016\\\/alimentaria2016\\\/\"]}]},{\"@type\":\"BreadcrumbList\",\"@id\":\"https:\\\/\\\/www.palibex.com\\\/en\\\/bases-legales-sorteo-sil2016\\\/alimentaria2016\\\/#breadcrumb\",\"itemListElement\":[{\"@type\":\"ListItem\",\"position\":1,\"name\":\"Portada\",\"item\":\"https:\\\/\\\/www.palibex.com\\\/en\\\/\"},{\"@type\":\"ListItem\",\"position\":2,\"name\":\"Bases legales &#8211; Sorteo SIL2016\",\"item\":\"https:\\\/\\\/www.palibex.com\\\/en\\\/bases-legales-sorteo-sil2016\\\/\"},{\"@type\":\"ListItem\",\"position\":3,\"name\":\"Bases legales &#8211; Sorteo Alimentaria 2016\"}]},{\"@type\":\"WebSite\",\"@id\":\"https:\\\/\\\/www.palibex.com\\\/#website\",\"url\":\"https:\\\/\\\/www.palibex.com\\\/\",\"name\":\"Palibex\",\"description\":\"EXPRESS TRANSPORT OF PALLETISED GOODS\",\"potentialAction\":[{\"@type\":\"SearchAction\",\"target\":{\"@type\":\"EntryPoint\",\"urlTemplate\":\"https:\\\/\\\/www.palibex.com\\\/?s={search_term_string}\"},\"query-input\":{\"@type\":\"PropertyValueSpecification\",\"valueRequired\":true,\"valueName\":\"search_term_string\"}}],\"inLanguage\":\"en-US\"}]}<\/script>\n<!-- \/ Yoast SEO plugin. -->","yoast_head_json":{"title":"Bases legales - Sorteo Alimentaria 2016 - Palibex - EXPRESS TRANSPORT OF PALLETISED GOODS","description":"BASES LEGALES DEL SORTEO \u201c500\u20ac EN PORTES\u201d 1. EMPRESA ORGANIZADORA La organizaci\u00f3n del sorteo (en adelante \u201cSorteo\u201d) est\u00e1 promovida por Palibex Log\u00edstica,","robots":{"index":"index","follow":"follow","max-snippet":"max-snippet:-1","max-image-preview":"max-image-preview:large","max-video-preview":"max-video-preview:-1"},"canonical":"https:\/\/www.palibex.com\/en\/bases-legales-sorteo-sil2016\/alimentaria2016\/","og_locale":"en_US","og_type":"article","og_title":"Bases legales - Sorteo Alimentaria 2016 - Palibex - EXPRESS TRANSPORT OF PALLETISED GOODS","og_description":"BASES LEGALES DEL SORTEO \u201c500\u20ac EN PORTES\u201d 1. EMPRESA ORGANIZADORA La organizaci\u00f3n del sorteo (en adelante \u201cSorteo\u201d) est\u00e1 promovida por Palibex Log\u00edstica,","og_url":"https:\/\/www.palibex.com\/en\/bases-legales-sorteo-sil2016\/alimentaria2016\/","og_site_name":"Palibex","article_publisher":"https:\/\/www.facebook.com\/Palibex","article_modified_time":"2025-01-29T12:51:46+00:00","twitter_card":"summary_large_image","twitter_site":"@Palibex","twitter_misc":{"Est. reading time":"8 minutes"},"schema":{"@context":"https:\/\/schema.org","@graph":[{"@type":"WebPage","@id":"https:\/\/www.palibex.com\/en\/bases-legales-sorteo-sil2016\/alimentaria2016\/","url":"https:\/\/www.palibex.com\/en\/bases-legales-sorteo-sil2016\/alimentaria2016\/","name":"Bases legales - Sorteo Alimentaria 2016 - Palibex - EXPRESS TRANSPORT OF PALLETISED GOODS","isPartOf":{"@id":"https:\/\/www.palibex.com\/#website"},"datePublished":"2016-04-20T09:12:59+00:00","dateModified":"2025-01-29T12:51:46+00:00","description":"BASES LEGALES DEL SORTEO \u201c500\u20ac EN PORTES\u201d 1. EMPRESA ORGANIZADORA La organizaci\u00f3n del sorteo (en adelante \u201cSorteo\u201d) est\u00e1 promovida por Palibex Log\u00edstica,","breadcrumb":{"@id":"https:\/\/www.palibex.com\/en\/bases-legales-sorteo-sil2016\/alimentaria2016\/#breadcrumb"},"inLanguage":"en-US","potentialAction":[{"@type":"ReadAction","target":["https:\/\/www.palibex.com\/en\/bases-legales-sorteo-sil2016\/alimentaria2016\/"]}]},{"@type":"BreadcrumbList","@id":"https:\/\/www.palibex.com\/en\/bases-legales-sorteo-sil2016\/alimentaria2016\/#breadcrumb","itemListElement":[{"@type":"ListItem","position":1,"name":"Portada","item":"https:\/\/www.palibex.com\/en\/"},{"@type":"ListItem","position":2,"name":"Bases legales &#8211; Sorteo SIL2016","item":"https:\/\/www.palibex.com\/en\/bases-legales-sorteo-sil2016\/"},{"@type":"ListItem","position":3,"name":"Bases legales &#8211; Sorteo Alimentaria 2016"}]},{"@type":"WebSite","@id":"https:\/\/www.palibex.com\/#website","url":"https:\/\/www.palibex.com\/","name":"Palibex","description":"EXPRESS TRANSPORT OF PALLETISED GOODS","potentialAction":[{"@type":"SearchAction","target":{"@type":"EntryPoint","urlTemplate":"https:\/\/www.palibex.com\/?s={search_term_string}"},"query-input":{"@type":"PropertyValueSpecification","valueRequired":true,"valueName":"search_term_string"}}],"inLanguage":"en-US"}]}},"_links":{"self":[{"href":"https:\/\/www.palibex.com\/en\/wp-json\/wp\/v2\/pages\/3073","targetHints":{"allow":["GET"]}}],"collection":[{"href":"https:\/\/www.palibex.com\/en\/wp-json\/wp\/v2\/pages"}],"about":[{"href":"https:\/\/www.palibex.com\/en\/wp-json\/wp\/v2\/types\/page"}],"author":[{"embeddable":true,"href":"https:\/\/www.palibex.com\/en\/wp-json\/wp\/v2\/users\/1"}],"replies":[{"embeddable":true,"href":"https:\/\/www.palibex.com\/en\/wp-json\/wp\/v2\/comments?post=3073"}],"version-history":[{"count":1,"href":"https:\/\/www.palibex.com\/en\/wp-json\/wp\/v2\/pages\/3073\/revisions"}],"predecessor-version":[{"id":24097,"href":"https:\/\/www.palibex.com\/en\/wp-json\/wp\/v2\/pages\/3073\/revisions\/24097"}],"up":[{"embeddable":true,"href":"https:\/\/www.palibex.com\/en\/wp-json\/wp\/v2\/pages\/3064"}],"wp:attachment":[{"href":"https:\/\/www.palibex.com\/en\/wp-json\/wp\/v2\/media?parent=3073"}],"wp:term":[{"taxonomy":"post_tag","embeddable":true,"href":"https:\/\/www.palibex.com\/en\/wp-json\/wp\/v2\/tags?post=3073"}],"curies":[{"name":"wp","href":"https:\/\/api.w.org\/{rel}","templated":true}]}}